{"id":11,"date":"2025-10-24T14:10:11","date_gmt":"2025-10-24T14:10:11","guid":{"rendered":"https:\/\/asociatiapegasus.ro\/index.php\/despre-noi\/"},"modified":"2025-10-27T08:15:04","modified_gmt":"2025-10-27T08:15:04","slug":"despre-noi","status":"publish","type":"page","link":"https:\/\/asociatiapegasus.ro\/index.php\/despre-noi\/","title":{"rendered":""},"content":{"rendered":"\n<div class=\"wp-block-superb-addons-animated-heading superbaddons-animated-heading-block superbaddons-animated-heading-effect2\" id=\"block-0e69ce70-782b-4e51-97e0-8bc304efbea9\" data-animation=\"effect2\" data-animation-speed=\"60\" data-animation-loop=\"true\">\n<h2 class=\"wp-block-heading\">Despre Noi <\/h2>\n<\/div>\n\n\n\n<p><strong>Asocia\u021bia Pegasus<\/strong> este un ONG dedicat familiilor, unde copiii \u0219i p\u0103rin\u021bii descoper\u0103 bucuria de a \u00eenv\u0103\u021ba, a crea \u0219i a petrece timp \u00eempreun\u0103. Prin ateliere interactive, activit\u0103\u021bi recreative \u0219i programe educa\u021bionale, sprijinim dezvoltarea armonioas\u0103 \u0219i rela\u021biile s\u0103n\u0103toase dintre genera\u021bii.<\/p>\n\n\n\n<p>Activitatea noastr\u0103 se desf\u0103\u0219oar\u0103 preponderent \u00een <strong>Comuna S\u00e2nmihaiu Rom\u00e2n<\/strong>, unde contribuim la consolidarea spiritului comunitar \u0219i la crearea unui mediu \u00een care fiecare copil \u0219i familie se pot dezvolta frumos.<\/p>\n\n\n\n<p>Promov\u0103m valorile <strong>educa\u021biei, culturii \u0219i solidarit\u0103\u021bii umane<\/strong> prin proiecte dedicate comunit\u0103\u021bii. De la activit\u0103\u021bi educa\u021bionale \u0219i culturale, p\u00e2n\u0103 la ini\u021biative umanitare, sus\u021binem ideile care apropie oamenii \u0219i aduc schimbare acolo unde este nevoie.<\/p>\n\n\n\n<p>Credem c\u0103 <strong>generozitatea, empatia \u0219i implicarea<\/strong> pot transforma comunit\u0103\u021bi \u0219i destine. Prin fiecare proiect, construim pun\u021bi \u00eentre oameni, \u00eencuraj\u0103m participarea civic\u0103 \u0219i aducem mai aproape resursele care inspir\u0103 cre\u0219tere, speran\u021b\u0103 \u0219i colaborare.<\/p>\n\n\n<style id=\"wpforms-css-vars-72-block-9f842398-0892-47e3-870f-ea7e68f7df36\">\n\t\t\t\t#wpforms-72.wpforms-block-9f842398-0892-47e3-870f-ea7e68f7df36 {\n\t\t\t\t--wpforms-field-size-input-height: 43px;\n--wpforms-field-size-input-spacing: 15px;\n--wpforms-field-size-font-size: 16px;\n--wpforms-field-size-line-height: 19px;\n--wpforms-field-size-padding-h: 14px;\n--wpforms-field-size-checkbox-size: 16px;\n--wpforms-field-size-sublabel-spacing: 5px;\n--wpforms-field-size-icon-size: 1;\n--wpforms-label-size-font-size: 16px;\n--wpforms-label-size-line-height: 19px;\n--wpforms-label-size-sublabel-font-size: 14px;\n--wpforms-label-size-sublabel-line-height: 17px;\n--wpforms-button-size-font-size: 17px;\n--wpforms-button-size-height: 41px;\n--wpforms-button-size-padding-h: 15px;\n--wpforms-button-size-margin-top: 10px;\n\t\t\t}\n\t\t\t<\/style><div class=\"wpforms-container wpforms-container-full wpforms-block wpforms-block-9f842398-0892-47e3-870f-ea7e68f7df36 wpforms-render-modern\" id=\"wpforms-72\"><form id=\"wpforms-form-72\" class=\"wpforms-validate wpforms-form wpforms-ajax-form\" data-formid=\"72\" method=\"post\" enctype=\"multipart\/form-data\" action=\"\/index.php\/wp-json\/wp\/v2\/pages\/11\" data-token=\"0c8ea13a7f2f4801885727962103aab1\" data-token-time=\"1777150022\"><noscript class=\"wpforms-error-noscript\">Please enable JavaScript in your browser to complete this form.<\/noscript><div id=\"wpforms-error-noscript\" style=\"display: none;\">Please enable JavaScript in your browser to complete this form.<\/div><div class=\"wpforms-field-container\">\t\t<div id=\"wpforms-72-field_5-container\"\n\t\t\tclass=\"wpforms-field wpforms-field-text\"\n\t\t\tdata-field-type=\"text\"\n\t\t\tdata-field-id=\"5\"\n\t\t\t>\n\t\t\t<label class=\"wpforms-field-label\" for=\"wpforms-72-field_5\" >Mesajul si :<\/label>\n\t\t\t<input type=\"text\" id=\"wpforms-72-field_5\" class=\"wpforms-field-medium\" name=\"wpforms[fields][5]\" >\n\t\t<\/div>\n\t\t<div id=\"wpforms-72-field_1-container\" class=\"wpforms-field wpforms-field-name\" data-field-id=\"1\"><label class=\"wpforms-field-label\" for=\"wpforms-72-field_1\">Nume si Prenume <span class=\"wpforms-required-label\" aria-hidden=\"true\">*<\/span><\/label><input type=\"text\" id=\"wpforms-72-field_1\" class=\"wpforms-field-medium wpforms-field-required\" name=\"wpforms[fields][1]\" aria-errormessage=\"wpforms-72-field_1-error\" required><\/div><div id=\"wpforms-72-field_2-container\" class=\"wpforms-field wpforms-field-email\" data-field-id=\"2\"><label class=\"wpforms-field-label\" for=\"wpforms-72-field_2\">Email <span class=\"wpforms-required-label\" aria-hidden=\"true\">*<\/span><\/label><input type=\"email\" id=\"wpforms-72-field_2\" class=\"wpforms-field-medium wpforms-field-required\" name=\"wpforms[fields][2]\" spellcheck=\"false\" aria-errormessage=\"wpforms-72-field_2-error\" required><\/div><div id=\"wpforms-72-field_4-container\" class=\"wpforms-field wpforms-field-number\" data-field-id=\"4\"><label class=\"wpforms-field-label\" for=\"wpforms-72-field_4\">Nr Telefon<\/label><input type=\"number\" id=\"wpforms-72-field_4\" class=\"wpforms-field-medium\" name=\"wpforms[fields][4]\" step=\"any\" aria-errormessage=\"wpforms-72-field_4-error\" ><\/div><div id=\"wpforms-72-field_3-container\" class=\"wpforms-field wpforms-field-textarea\" data-field-id=\"3\"><label class=\"wpforms-field-label\" for=\"wpforms-72-field_3\">Mesajul tau :<\/label><textarea id=\"wpforms-72-field_3\" class=\"wpforms-field-medium\" name=\"wpforms[fields][3]\" aria-errormessage=\"wpforms-72-field_3-error\" ><\/textarea><\/div><script>\n\t\t\t\t( function() {\n\t\t\t\t\tconst style = document.createElement( 'style' );\n\t\t\t\t\tstyle.appendChild( document.createTextNode( '#wpforms-72-field_5-container { position: absolute !important; overflow: hidden !important; display: inline !important; height: 1px !important; width: 1px !important; z-index: -1000 !important; padding: 0 !important; } #wpforms-72-field_5-container input { visibility: hidden; } #wpforms-conversational-form-page #wpforms-72-field_5-container label { counter-increment: none; }' ) );\n\t\t\t\t\tdocument.head.appendChild( style );\n\t\t\t\t\tdocument.currentScript?.remove();\n\t\t\t\t} )();\n\t\t\t<\/script><\/div><!-- .wpforms-field-container --><div class=\"wpforms-submit-container\" ><input type=\"hidden\" name=\"wpforms[id]\" value=\"72\"><input type=\"hidden\" name=\"page_title\" value=\"\"><input type=\"hidden\" name=\"page_url\" value=\"https:\/\/asociatiapegasus.ro\/index.php\/wp-json\/wp\/v2\/pages\/11\"><input type=\"hidden\" name=\"url_referer\" value=\"\"><button type=\"submit\" name=\"wpforms[submit]\" id=\"wpforms-submit-72\" class=\"wpforms-submit\" data-alt-text=\"Sending...\" data-submit-text=\"Trimite\" aria-live=\"assertive\" value=\"wpforms-submit\">Trimite<\/button><img loading=\"lazy\" decoding=\"async\" src=\"https:\/\/asociatiapegasus.ro\/wp-content\/plugins\/wpforms-lite\/assets\/images\/submit-spin.svg\" class=\"wpforms-submit-spinner\" style=\"display: none;\" width=\"26\" height=\"26\" alt=\"Loading\"><\/div><\/form><\/div>  <!-- .wpforms-container -->","protected":false},"excerpt":{"rendered":"<p>Asocia\u021bia Pegasus este un ONG dedicat familiilor, unde copiii \u0219i p\u0103rin\u021bii descoper\u0103 bucuria de a \u00eenv\u0103\u021ba, a crea \u0219i a petrece timp \u00eempreun\u0103. Prin ateliere interactive, activit\u0103\u021bi recreative \u0219i programe educa\u021bionale, sprijinim dezvoltarea armonioas\u0103 \u0219i rela\u021biile s\u0103n\u0103toase dintre genera\u021bii. Activitatea noastr\u0103 se desf\u0103\u0219oar\u0103 preponderent \u00een Comuna S\u00e2nmihaiu Rom\u00e2n, unde contribuim la consolidarea spiritului comunitar \u0219i [&hellip;]<\/p>\n","protected":false},"author":1,"featured_media":85,"parent":0,"menu_order":0,"comment_status":"closed","ping_status":"closed","template":"","meta":{"footnotes":""},"class_list":["post-11","page","type-page","status-publish","has-post-thumbnail","hentry"],"_links":{"self":[{"href":"https:\/\/asociatiapegasus.ro\/index.php\/wp-json\/wp\/v2\/pages\/11","targetHints":{"allow":["GET"]}}],"collection":[{"href":"https:\/\/asociatiapegasus.ro\/index.php\/wp-json\/wp\/v2\/pages"}],"about":[{"href":"https:\/\/asociatiapegasus.ro\/index.php\/wp-json\/wp\/v2\/types\/page"}],"author":[{"embeddable":true,"href":"https:\/\/asociatiapegasus.ro\/index.php\/wp-json\/wp\/v2\/users\/1"}],"replies":[{"embeddable":true,"href":"https:\/\/asociatiapegasus.ro\/index.php\/wp-json\/wp\/v2\/comments?post=11"}],"version-history":[{"count":4,"href":"https:\/\/asociatiapegasus.ro\/index.php\/wp-json\/wp\/v2\/pages\/11\/revisions"}],"predecessor-version":[{"id":89,"href":"https:\/\/asociatiapegasus.ro\/index.php\/wp-json\/wp\/v2\/pages\/11\/revisions\/89"}],"wp:featuredmedia":[{"embeddable":true,"href":"https:\/\/asociatiapegasus.ro\/index.php\/wp-json\/wp\/v2\/media\/85"}],"wp:attachment":[{"href":"https:\/\/asociatiapegasus.ro\/index.php\/wp-json\/wp\/v2\/media?parent=11"}],"curies":[{"name":"wp","href":"https:\/\/api.w.org\/{rel}","templated":true}]}}